{"id":2144,"date":"2020-07-08T14:53:40","date_gmt":"2020-07-08T12:53:40","guid":{"rendered":"https:\/\/hotel.codegewerk.de\/?page_id=2144"},"modified":"2023-03-08T07:27:29","modified_gmt":"2023-03-08T06:27:29","slug":"service","status":"publish","type":"page","link":"https:\/\/hotelandenbleichen.de\/en\/service","title":{"rendered":"Services"},"content":{"rendered":"<div class=\"vc_row wpb_row vc_row-fluid\"><div class=\"wpb_column vc_column_container vc_col-sm-12\"><div class=\"vc_column-inner\"><div class=\"wpb_wrapper\">\t\t\t<div\n\t\t\t\tclass=\"main_title  text-left\">\n\t\t\t\t<h2 class=\"title\">OUR SERVICES<\/h2>\n\t\t\t\t\t\t\t\t\t<p class=\"main_description\">Service wird bei uns gro\u00df geschrieben, ob gro\u00dfer Garten mit Outdoor-Sauna, ob Tickets f\u00fcr das Ozeaneum, wir haben alles, damit Sie sich in Ihrem Urlaub rundum wohlf\u00fchlen!<\/p>\n\t\t\t\t\t\t\t<\/div>\n\t\t<\/div><\/div><\/div><\/div><div id=\"service\" class=\"vc_row wpb_row vc_row-fluid\"><div class=\"wpb_column vc_column_container vc_col-sm-6\" id=\"service_1\"><div class=\"vc_column-inner\"><div class=\"wpb_wrapper\">\n      \n    <script>\n      jQuery(document).ready(function ($) {\n        $('#features-slider-xeySZ').owlCarousel({\n            thumbs: true,\n            thumbsPrerendered: true,\n            items: 1,\n                        loop: true,\n                        autoplay: true,\n                        dots: false,\n            nav: false,\n            touchDrag  : true,\n            mouseDrag  : false\n          });\n      });\n    <\/script>\n\n\n    <div class=\"features\">\n      <div class=\"row\">\n          <div class=\"col-md-7\">\n              <div data-slider-id=\"features-xeySZ\" id=\"features-slider-xeySZ\" class=\"main-image owl-carousel\">\n\n\n  <div class=\"gradient-overlay overlay-opacity-02\"><img decoding=\"async\" src=\"\" class=\"img-responsive\" alt=\"Garten-Sauna\"><\/div>\n\n  \n  <div class=\"gradient-overlay overlay-opacity-02\"><img decoding=\"async\" src=\"\" class=\"img-responsive\" alt=\"Fitnessraum\"><\/div>\n\n  \n  <div class=\"gradient-overlay overlay-opacity-02\"><img decoding=\"async\" src=\"\" class=\"img-responsive\" alt=\"Badem\u00e4ntel und Badeslipper\/Hausschuhe\"><\/div>\n\n  \n  <div class=\"gradient-overlay overlay-opacity-02\"><img decoding=\"async\" src=\"\" class=\"img-responsive\" alt=\"Parkpl\u00e4tze\"><\/div>\n\n  \n  <div class=\"gradient-overlay overlay-opacity-02\"><img decoding=\"async\" src=\"\" class=\"img-responsive\" alt=\"Fr\u00fchst\u00fcck\"><\/div>\n\n  <\/div>\n<\/div>\n<div class=\"col-md-5\">\n  <div class=\"owl-thumbs\" data-slider-id=\"features-xeySZ\">\n\n    \n    <!-- SLIDE -->\n    <div class=\"owl-thumb-item\">\n        <span class=\"media-left\"><image src=\"https:\/\/hotelandenbleichen.de\/wp-content\/uploads\/2021\/03\/sauna-1.png\" alt=\"Garten-Sauna\"><\/span>\n        <div class=\"media-body\">\n            <h5>Garten-Sauna<\/h5>\n            <p>Schwitzen k\u00f6nnen Sie in unseren 2 Fass-Saunen im hinteren Gartenbereich. Machen Sie Ihren eigenen Aufguss mit blumigen, exotischen oder holzigen D\u00fcften. (Voranmeldung erforderlich)<\/p>\n        <\/div>\n    <\/div>\n\n    \n    <!-- SLIDE -->\n    <div class=\"owl-thumb-item\">\n        <span class=\"media-left\"><image src=\"https:\/\/hotelandenbleichen.de\/wp-content\/uploads\/2021\/03\/hantel-1.png\" alt=\"Fitnessraum\"><\/span>\n        <div class=\"media-body\">\n            <h5>Gym<\/h5>\n            <p>Our fitness room on the top floor is equipped with modern equipment and a large flat screen TV. The use is possible for you, free of charge, from 9 am - 8 pm.<\/p>\n        <\/div>\n    <\/div>\n\n    \n    <!-- SLIDE -->\n    <div class=\"owl-thumb-item\">\n        <span class=\"media-left\"><image src=\"https:\/\/hotelandenbleichen.de\/wp-content\/uploads\/2021\/03\/bademantel.png\" alt=\"Badem\u00e4ntel und Badeslipper\/Hausschuhe\"><\/span>\n        <div class=\"media-body\">\n            <h5>Bathrobes and bath slippers<\/h5>\n            <p>Bathrobes and slippers (fee) are available at the reception.<\/p>\n        <\/div>\n    <\/div>\n\n    \n    <!-- SLIDE -->\n    <div class=\"owl-thumb-item\">\n        <span class=\"media-left\"><image src=\"https:\/\/hotelandenbleichen.de\/wp-content\/uploads\/2021\/03\/parkplatz-1.png\" alt=\"Parkpl\u00e4tze\"><\/span>\n        <div class=\"media-body\">\n            <h5>Parking<\/h5>\n            <p>Parking spaces are located on the property and across the street. These are available to you without charge.<\/p>\n        <\/div>\n    <\/div>\n\n    \n    <!-- SLIDE -->\n    <div class=\"owl-thumb-item\">\n        <span class=\"media-left\"><image src=\"https:\/\/hotelandenbleichen.de\/wp-content\/uploads\/2021\/03\/fruhstuck-1.png\" alt=\"Fr\u00fchst\u00fcck\"><\/span>\n        <div class=\"media-body\">\n            <h5>Breakfast<\/h5>\n            <p>Daily from 7:00 - 10:00 a.m. An extensive breakfast buffet awaits you daily - in good weather also on our terrace.<\/p>\n        <\/div>\n    <\/div>\n\n    \n  <\/div>\n<\/div>\n<\/div>\n<\/div>\n\n  <\/div><\/div><\/div><div class=\"wpb_column vc_column_container vc_col-sm-6\" id=\"service_2\"><div class=\"vc_column-inner\"><div class=\"wpb_wrapper\">\n      \n    <script>\n      jQuery(document).ready(function ($) {\n        $('#features-slider-tbqgm').owlCarousel({\n            thumbs: true,\n            thumbsPrerendered: true,\n            items: 1,\n                        loop: true,\n                        autoplay: true,\n                        dots: false,\n            nav: false,\n            touchDrag  : true,\n            mouseDrag  : false\n          });\n      });\n    <\/script>\n\n\n    <div class=\"features\">\n      <div class=\"row\">\n          <div class=\"col-md-7\">\n              <div data-slider-id=\"features-tbqgm\" id=\"features-slider-tbqgm\" class=\"main-image owl-carousel\">\n\n\n  <div class=\"gradient-overlay overlay-opacity-02\"><img decoding=\"async\" src=\"\" class=\"img-responsive\" alt=\"W-LAN\"><\/div>\n\n  \n  <div class=\"gradient-overlay overlay-opacity-02\"><img decoding=\"async\" src=\"\" class=\"img-responsive\" alt=\"Restaurants\"><\/div>\n\n  \n  <div class=\"gradient-overlay overlay-opacity-02\"><img decoding=\"async\" src=\"\" class=\"img-responsive\" alt=\"Getr\u00e4nke\"><\/div>\n\n  \n  <div class=\"gradient-overlay overlay-opacity-02\"><img decoding=\"async\" src=\"\" class=\"img-responsive\" alt=\"Angebote\"><\/div>\n\n  \n  <div class=\"gradient-overlay overlay-opacity-02\"><img decoding=\"async\" src=\"\" class=\"img-responsive\" alt=\"Check-In\/Check-Out\"><\/div>\n\n  <\/div>\n<\/div>\n<div class=\"col-md-5\">\n  <div class=\"owl-thumbs\" data-slider-id=\"features-tbqgm\">\n\n    \n    <!-- SLIDE -->\n    <div class=\"owl-thumb-item\">\n        <span class=\"media-left\"><image src=\"https:\/\/hotelandenbleichen.de\/wp-content\/uploads\/2021\/03\/w-lan.png\" alt=\"W-LAN\"><\/span>\n        <div class=\"media-body\">\n            <h5>Wifi<\/h5>\n            <p>Wi-Fi is available free of charge in all rooms and public areas after a short registration.<\/p>\n        <\/div>\n    <\/div>\n\n    \n    <!-- SLIDE -->\n    <div class=\"owl-thumb-item\">\n        <span class=\"media-left\"><image src=\"https:\/\/hotelandenbleichen.de\/wp-content\/uploads\/2021\/03\/tischreservierung.png\" alt=\"Restaurants\"><\/span>\n        <div class=\"media-body\">\n            <h5>Restaurants<\/h5>\n            <p>We are happy to recommend restaurants in the historic old town or in the harbor area. Alternatively, you can also take a look at our insider tips, there you will find our top recommendations.<\/p>\n        <\/div>\n    <\/div>\n\n    \n    <!-- SLIDE -->\n    <div class=\"owl-thumb-item\">\n        <span class=\"media-left\"><image src=\"https:\/\/hotelandenbleichen.de\/wp-content\/uploads\/2021\/03\/getranke.png\" alt=\"Getr\u00e4nke\"><\/span>\n        <div class=\"media-body\">\n            <h5>Beverages<\/h5>\n            <p>We serve a wide range of drinks until 21:00, which includes local beers and spirits, as well as quality wines, soft and hot drinks. In addition, a selection of drinks (fee) is available around the clock on the second floor.<\/p>\n        <\/div>\n    <\/div>\n\n    \n    <!-- SLIDE -->\n    <div class=\"owl-thumb-item\">\n        <span class=\"media-left\"><image src=\"https:\/\/hotelandenbleichen.de\/wp-content\/uploads\/2021\/03\/geschenke.png\" alt=\"Angebote\"><\/span>\n        <div class=\"media-body\">\n            <h5>Offers<\/h5>\n            <p>Tickets for the Ozeaneum are available from us, subject to availability. (Booking time slot)<\/p>\n        <\/div>\n    <\/div>\n\n    \n    <!-- SLIDE -->\n    <div class=\"owl-thumb-item\">\n        <span class=\"media-left\"><image src=\"https:\/\/hotelandenbleichen.de\/wp-content\/uploads\/2021\/03\/bell.png\" alt=\"Check-In\/Check-Out\"><\/span>\n        <div class=\"media-body\">\n            <h5>Check-In\/Check-Out<\/h5>\n            <p>You can check in with us between 15:00 and 20:00. If you arrive earlier, we will be happy to store your luggage. On your departure day you can use your room until 11:00 am.<\/p>\n        <\/div>\n    <\/div>\n\n    \n  <\/div>\n<\/div>\n<\/div>\n<\/div>\n\n  \n\t<div class=\"wpb_text_column wpb_content_element\" >\n\t\t<div class=\"wpb_wrapper\">\n\t\t\t<div class=\"wpb_text_column wpb_content_element\" style=\"text-align: right;\">\n<div class=\"wpb_wrapper\">\n<p><em>Irrtum und \u00c4nderungen vorbehalten!<\/em><\/p>\n<\/div>\n<\/div>\n\n\t\t<\/div>\n\t<\/div>\n<\/div><\/div><\/div><\/div>","protected":false},"excerpt":{"rendered":"UNSERE SERVICE-LEISTUNGEN Service wird bei uns gro\u00df geschrieben, ob gro\u00dfer Garten mit Outdoor-Sauna, ob Tickets f\u00fcr das Ozeaneum, wir haben alles, damit Sie sich in Ihrem Urlaub rundum wohlf\u00fchlen! Garten-Sauna Schwitzen k\u00f6nnen Sie in unseren 2 Fass-Saunen im hinteren Gartenbereich. Machen Sie Ihren eigenen Aufguss mit blumigen, exotischen oder holzigen D\u00fcften. (Voranmeldung erforderlich) Fitnessraum Unser [...]","protected":false},"author":1,"featured_media":0,"parent":0,"menu_order":0,"comment_status":"closed","ping_status":"closed","template":"","meta":{"footnotes":""},"class_list":["post-2144","page","type-page","status-publish","hentry"],"yoast_head":"<!-- This site is optimized with the Yoast SEO plugin v26.1.1 - https:\/\/yoast.com\/wordpress\/plugins\/seo\/ -->\n<title>Hotel Stralsund mit Fr\u00fchst\u00fcck \u2600\ufe0f Hotel an den Bleichen<\/title>\n<meta name=\"description\" content=\"G\u00e4ste des Hotels An den Bleichen, erwartet ein reichhaltiges Fr\u00fchst\u00fccksbuffet \u2713 aus regionalen \u2713 und \u00fcberregionalen \u2713 Spezialit\u00e4ten!\" \/>\n<meta name=\"robots\" content=\"index, follow, max-snippet:-1, max-image-preview:large, max-video-preview:-1\" \/>\n<link rel=\"canonical\" href=\"https:\/\/hotelandenbleichen.de\/en\/service\/\" \/>\n<meta property=\"og:locale\" content=\"en_US\" \/>\n<meta property=\"og:type\" content=\"article\" \/>\n<meta property=\"og:title\" content=\"Hotel Stralsund mit Fr\u00fchst\u00fcck \u2600\ufe0f Hotel an den Bleichen\" \/>\n<meta property=\"og:description\" content=\"G\u00e4ste des Hotels An den Bleichen, erwartet ein reichhaltiges Fr\u00fchst\u00fccksbuffet \u2713 aus regionalen \u2713 und \u00fcberregionalen \u2713 Spezialit\u00e4ten!\" \/>\n<meta property=\"og:url\" content=\"https:\/\/hotelandenbleichen.de\/en\/service\/\" \/>\n<meta property=\"og:site_name\" content=\"Hotel an den Bleichen\" \/>\n<meta property=\"article:modified_time\" content=\"2023-03-08T06:27:29+00:00\" \/>\n<meta name=\"twitter:card\" content=\"summary_large_image\" \/>\n<meta name=\"twitter:label1\" content=\"Est. reading time\" \/>\n\t<meta name=\"twitter:data1\" content=\"1 minute\" \/>\n<script type=\"application\/ld+json\" class=\"yoast-schema-graph\">{\"@context\":\"https:\/\/schema.org\",\"@graph\":[{\"@type\":\"WebPage\",\"@id\":\"https:\/\/hotelandenbleichen.de\/service\",\"url\":\"https:\/\/hotelandenbleichen.de\/service\",\"name\":\"Hotel Stralsund mit Fr\u00fchst\u00fcck \u2600\ufe0f Hotel an den Bleichen\",\"isPartOf\":{\"@id\":\"https:\/\/hotelandenbleichen.de\/#website\"},\"datePublished\":\"2020-07-08T12:53:40+00:00\",\"dateModified\":\"2023-03-08T06:27:29+00:00\",\"description\":\"G\u00e4ste des Hotels An den Bleichen, erwartet ein reichhaltiges Fr\u00fchst\u00fccksbuffet \u2713 aus regionalen \u2713 und \u00fcberregionalen \u2713 Spezialit\u00e4ten!\",\"breadcrumb\":{\"@id\":\"https:\/\/hotelandenbleichen.de\/service#breadcrumb\"},\"inLanguage\":\"en-US\",\"potentialAction\":[{\"@type\":\"ReadAction\",\"target\":[\"https:\/\/hotelandenbleichen.de\/service\"]}]},{\"@type\":\"BreadcrumbList\",\"@id\":\"https:\/\/hotelandenbleichen.de\/service#breadcrumb\",\"itemListElement\":[{\"@type\":\"ListItem\",\"position\":1,\"name\":\"Startseite\",\"item\":\"https:\/\/hotelandenbleichen.de\/\"},{\"@type\":\"ListItem\",\"position\":2,\"name\":\"Service\"}]},{\"@type\":\"WebSite\",\"@id\":\"https:\/\/hotelandenbleichen.de\/#website\",\"url\":\"https:\/\/hotelandenbleichen.de\/\",\"name\":\"Hotel an den Bleichen\",\"description\":\"Vor den Toren der Insel R\u00fcgen.\",\"potentialAction\":[{\"@type\":\"SearchAction\",\"target\":{\"@type\":\"EntryPoint\",\"urlTemplate\":\"https:\/\/hotelandenbleichen.de\/?s={search_term_string}\"},\"query-input\":{\"@type\":\"PropertyValueSpecification\",\"valueRequired\":true,\"valueName\":\"search_term_string\"}}],\"inLanguage\":\"en-US\"}]}<\/script>\n<!-- \/ Yoast SEO plugin. -->","yoast_head_json":{"title":"Hotel Stralsund mit Fr\u00fchst\u00fcck \u2600\ufe0f Hotel an den Bleichen","description":"G\u00e4ste des Hotels An den Bleichen, erwartet ein reichhaltiges Fr\u00fchst\u00fccksbuffet \u2713 aus regionalen \u2713 und \u00fcberregionalen \u2713 Spezialit\u00e4ten!","robots":{"index":"index","follow":"follow","max-snippet":"max-snippet:-1","max-image-preview":"max-image-preview:large","max-video-preview":"max-video-preview:-1"},"canonical":"https:\/\/hotelandenbleichen.de\/en\/service\/","og_locale":"en_US","og_type":"article","og_title":"Hotel Stralsund mit Fr\u00fchst\u00fcck \u2600\ufe0f Hotel an den Bleichen","og_description":"G\u00e4ste des Hotels An den Bleichen, erwartet ein reichhaltiges Fr\u00fchst\u00fccksbuffet \u2713 aus regionalen \u2713 und \u00fcberregionalen \u2713 Spezialit\u00e4ten!","og_url":"https:\/\/hotelandenbleichen.de\/en\/service\/","og_site_name":"Hotel an den Bleichen","article_modified_time":"2023-03-08T06:27:29+00:00","twitter_card":"summary_large_image","twitter_misc":{"Est. reading time":"1 minute"},"schema":{"@context":"https:\/\/schema.org","@graph":[{"@type":"WebPage","@id":"https:\/\/hotelandenbleichen.de\/service","url":"https:\/\/hotelandenbleichen.de\/service","name":"Hotel Stralsund mit Fr\u00fchst\u00fcck \u2600\ufe0f Hotel an den Bleichen","isPartOf":{"@id":"https:\/\/hotelandenbleichen.de\/#website"},"datePublished":"2020-07-08T12:53:40+00:00","dateModified":"2023-03-08T06:27:29+00:00","description":"G\u00e4ste des Hotels An den Bleichen, erwartet ein reichhaltiges Fr\u00fchst\u00fccksbuffet \u2713 aus regionalen \u2713 und \u00fcberregionalen \u2713 Spezialit\u00e4ten!","breadcrumb":{"@id":"https:\/\/hotelandenbleichen.de\/service#breadcrumb"},"inLanguage":"en-US","potentialAction":[{"@type":"ReadAction","target":["https:\/\/hotelandenbleichen.de\/service"]}]},{"@type":"BreadcrumbList","@id":"https:\/\/hotelandenbleichen.de\/service#breadcrumb","itemListElement":[{"@type":"ListItem","position":1,"name":"Startseite","item":"https:\/\/hotelandenbleichen.de\/"},{"@type":"ListItem","position":2,"name":"Service"}]},{"@type":"WebSite","@id":"https:\/\/hotelandenbleichen.de\/#website","url":"https:\/\/hotelandenbleichen.de\/","name":"Hotel an den Bleichen","description":"Vor den Toren der Insel R\u00fcgen.","potentialAction":[{"@type":"SearchAction","target":{"@type":"EntryPoint","urlTemplate":"https:\/\/hotelandenbleichen.de\/?s={search_term_string}"},"query-input":{"@type":"PropertyValueSpecification","valueRequired":true,"valueName":"search_term_string"}}],"inLanguage":"en-US"}]}},"_links":{"self":[{"href":"https:\/\/hotelandenbleichen.de\/en\/wp-json\/wp\/v2\/pages\/2144","targetHints":{"allow":["GET"]}}],"collection":[{"href":"https:\/\/hotelandenbleichen.de\/en\/wp-json\/wp\/v2\/pages"}],"about":[{"href":"https:\/\/hotelandenbleichen.de\/en\/wp-json\/wp\/v2\/types\/page"}],"author":[{"embeddable":true,"href":"https:\/\/hotelandenbleichen.de\/en\/wp-json\/wp\/v2\/users\/1"}],"replies":[{"embeddable":true,"href":"https:\/\/hotelandenbleichen.de\/en\/wp-json\/wp\/v2\/comments?post=2144"}],"version-history":[{"count":112,"href":"https:\/\/hotelandenbleichen.de\/en\/wp-json\/wp\/v2\/pages\/2144\/revisions"}],"predecessor-version":[{"id":3980,"href":"https:\/\/hotelandenbleichen.de\/en\/wp-json\/wp\/v2\/pages\/2144\/revisions\/3980"}],"wp:attachment":[{"href":"https:\/\/hotelandenbleichen.de\/en\/wp-json\/wp\/v2\/media?parent=2144"}],"curies":[{"name":"wp","href":"https:\/\/api.w.org\/{rel}","templated":true}]}}