{"id":2215,"date":"2020-07-08T14:26:08","date_gmt":"2020-07-08T12:26:08","guid":{"rendered":"https:\/\/hotel.codegewerk.de\/?page_id=2215"},"modified":"2021-09-22T16:55:24","modified_gmt":"2021-09-22T14:55:24","slug":"aktionen","status":"publish","type":"page","link":"https:\/\/hotelandenbleichen.de\/en\/aktionen","title":{"rendered":"Offers"},"content":{"rendered":"<div class=\"vc_row wpb_row vc_row-fluid\"><div class=\"wpb_column vc_column_container vc_col-sm-12\"><div class=\"vc_column-inner\"><div class=\"wpb_wrapper\">\t\t\t<div\n\t\t\t\tclass=\"main_title  text-left\">\n\t\t\t\t<h2 class=\"title\">ARRANGEMENTS<\/h2>\n\t\t\t\t\t\t\t\t\t<p class=\"main_description\">Choose between our different offers.<\/p>\n\t\t\t\t\t\t\t<\/div>\n\t\t<\/div><\/div><\/div><\/div><div class=\"vc_row wpb_row vc_row-fluid\"><div class=\"wpb_column vc_column_container vc_col-sm-12\"><div class=\"vc_column-inner\"><div class=\"wpb_wrapper\">\r\n            <div class=\"row\">\r\n\t                                      <!-- places ITEM -->\r\n                      <div class=\"col-lg-6 col-sm-6\">\r\n                        <div class=\"place-item\">\r\n                        <figure class=\"gradient-overlay zoom-hover\">\r\n                          <a href=\"https:\/\/hotelandenbleichen.de\/en\/blog\/angebote\/stralsund-ozeaneum\">\r\n                            <img decoding=\"async\" src=\"https:\/\/hotelandenbleichen.de\/wp-content\/uploads\/2018\/03\/ozeaneum_2-720x470.jpg\" class=\"img-responsive\">\r\n                            <div class=\"place-name\">\r\n                              <h3>STRALSUND &#038; OZEANEUM<\/h3>\r\n                            <\/div>\r\n                          <\/a>\r\n                        <\/figure>\r\n                      <\/div>\r\n                    <\/div>\r\n\r\n\t                                      <!-- places ITEM -->\r\n                      <div class=\"col-lg-6 col-sm-6\">\r\n                        <div class=\"place-item\">\r\n                        <figure class=\"gradient-overlay zoom-hover\">\r\n                          <a href=\"https:\/\/hotelandenbleichen.de\/en\/blog\/angebote\/meereswelten-sommer\">\r\n                            <img decoding=\"async\" src=\"https:\/\/hotelandenbleichen.de\/wp-content\/uploads\/2020\/07\/meereswelten-720x470.jpg\" class=\"img-responsive\">\r\n                            <div class=\"place-name\">\r\n                              <h3>MEERESWELTEN (SOMMER)<\/h3>\r\n                            <\/div>\r\n                          <\/a>\r\n                        <\/figure>\r\n                      <\/div>\r\n                    <\/div>\r\n\r\n\t                                      <!-- places ITEM -->\r\n                      <div class=\"col-lg-6 col-sm-6\">\r\n                        <div class=\"place-item\">\r\n                        <figure class=\"gradient-overlay zoom-hover\">\r\n                          <a href=\"https:\/\/hotelandenbleichen.de\/en\/blog\/angebote\/sommer-zeit\">\r\n                            <img decoding=\"async\" src=\"https:\/\/hotelandenbleichen.de\/wp-content\/uploads\/2020\/07\/sommerzeit2-720x470.jpg\" class=\"img-responsive\">\r\n                            <div class=\"place-name\">\r\n                              <h3>SOMMER-ZEIT<\/h3>\r\n                            <\/div>\r\n                          <\/a>\r\n                        <\/figure>\r\n                      <\/div>\r\n                    <\/div>\r\n\r\n\t                                      <!-- places ITEM -->\r\n                      <div class=\"col-lg-6 col-sm-6\">\r\n                        <div class=\"place-item\">\r\n                        <figure class=\"gradient-overlay zoom-hover\">\r\n                          <a href=\"https:\/\/hotelandenbleichen.de\/en\/blog\/angebote\/harmonie\">\r\n                            <img decoding=\"async\" src=\"https:\/\/hotelandenbleichen.de\/wp-content\/uploads\/2023\/05\/JuniorSalz1-720x470.jpg\" class=\"img-responsive\">\r\n                            <div class=\"place-name\">\r\n                              <h3>HARMONIE  (Herbst\/Winter)<\/h3>\r\n                            <\/div>\r\n                          <\/a>\r\n                        <\/figure>\r\n                      <\/div>\r\n                    <\/div>\r\n\r\n\t                                      <!-- places ITEM -->\r\n                      <div class=\"col-lg-6 col-sm-6\">\r\n                        <div class=\"place-item\">\r\n                        <figure class=\"gradient-overlay zoom-hover\">\r\n                          <a href=\"https:\/\/hotelandenbleichen.de\/en\/blog\/angebote\/stralsund-zeit\">\r\n                            <img decoding=\"async\" src=\"https:\/\/hotelandenbleichen.de\/wp-content\/uploads\/2018\/03\/csm_MEERESMUSEUM_Indischer_Segelflossendoktor_QF_Foto_Anke_Neumeister_DMM_cc77bb51bc.jpg\" class=\"img-responsive\">\r\n                            <div class=\"place-name\">\r\n                              <h3>STRALSUND-ZEIT  (Herbst\/Winter)<\/h3>\r\n                            <\/div>\r\n                          <\/a>\r\n                        <\/figure>\r\n                      <\/div>\r\n                    <\/div>\r\n\r\n\t                                      <!-- places ITEM -->\r\n                      <div class=\"col-lg-6 col-sm-6\">\r\n                        <div class=\"place-item\">\r\n                        <figure class=\"gradient-overlay zoom-hover\">\r\n                          <a href=\"https:\/\/hotelandenbleichen.de\/en\/blog\/angebote\/advent-advent\">\r\n                            <img decoding=\"async\" src=\"https:\/\/hotelandenbleichen.de\/wp-content\/uploads\/2025\/05\/Weihnachtsmarkt.jpg\" class=\"img-responsive\">\r\n                            <div class=\"place-name\">\r\n                              <h3>ADVENT, ADVENT&#8230;<\/h3>\r\n                            <\/div>\r\n                          <\/a>\r\n                        <\/figure>\r\n                      <\/div>\r\n                    <\/div>\r\n\r\n\t                \t                            <\/div>\r\n\r\n        <\/div><\/div><\/div><\/div>","protected":false},"excerpt":{"rendered":"Das Angebot mit 2 \u00dcbernachtungen inkl. Fr\u00fchst\u00fcck &amp; weihnachtlichen Leckereien Buchbar:\u00a0 27.11. bis\u00a0 17.12.2026 Angebotsleistungen: 2 x \u00dcbernachtung 2 x reichhaltiges Fr\u00fchst\u00fccksbuffet Mineralwasser auf dem Zimmer Handgemachte Pralinen - hergestellt von unserer Konditorin Kaffeegedeck:\u00a0 Pott Filterkaffee\u00a0 &amp;\u00a0 St\u00fcck hausgemachten Kuchen \/ Torte Die Arrangementpreise richten sich nach den aktuellen Tagespreisen\/Zimmer. Dazu gehen Sie bitte auf\u00a0 [...]","protected":false},"author":1,"featured_media":0,"parent":0,"menu_order":0,"comment_status":"closed","ping_status":"closed","template":"","meta":{"footnotes":""},"class_list":["post-2215","page","type-page","status-publish","hentry"],"yoast_head":"<!-- This site is optimized with the Yoast SEO plugin v26.1.1 - https:\/\/yoast.com\/wordpress\/plugins\/seo\/ -->\n<title>Hotel Angebote - Hotel an den Bleichen<\/title>\n<meta name=\"description\" content=\"Hier finden Sie unsere aktuellen Angebote und Aktionen\u2714\ufe0f Genie\u00dfen Sie Ihren Aufenthalt in unserem Hotel An den Bleichen \u2714\ufe0f\" \/>\n<meta name=\"robots\" content=\"index, follow, max-snippet:-1, max-image-preview:large, max-video-preview:-1\" \/>\n<link rel=\"canonical\" href=\"https:\/\/hotelandenbleichen.de\/en\/aktionen\/\" \/>\n<meta property=\"og:locale\" content=\"en_US\" \/>\n<meta property=\"og:type\" content=\"article\" \/>\n<meta property=\"og:title\" content=\"Hotel Angebote - Hotel an den Bleichen\" \/>\n<meta property=\"og:description\" content=\"Hier finden Sie unsere aktuellen Angebote und Aktionen\u2714\ufe0f Genie\u00dfen Sie Ihren Aufenthalt in unserem Hotel An den Bleichen \u2714\ufe0f\" \/>\n<meta property=\"og:url\" content=\"https:\/\/hotelandenbleichen.de\/en\/aktionen\/\" \/>\n<meta property=\"og:site_name\" content=\"Hotel an den Bleichen\" \/>\n<meta property=\"article:modified_time\" content=\"2021-09-22T14:55:24+00:00\" \/>\n<meta name=\"twitter:card\" content=\"summary_large_image\" \/>\n<script type=\"application\/ld+json\" class=\"yoast-schema-graph\">{\"@context\":\"https:\/\/schema.org\",\"@graph\":[{\"@type\":\"WebPage\",\"@id\":\"https:\/\/hotelandenbleichen.de\/aktionen\",\"url\":\"https:\/\/hotelandenbleichen.de\/aktionen\",\"name\":\"Hotel Angebote - Hotel an den Bleichen\",\"isPartOf\":{\"@id\":\"https:\/\/hotelandenbleichen.de\/#website\"},\"datePublished\":\"2020-07-08T12:26:08+00:00\",\"dateModified\":\"2021-09-22T14:55:24+00:00\",\"description\":\"Hier finden Sie unsere aktuellen Angebote und Aktionen\u2714\ufe0f Genie\u00dfen Sie Ihren Aufenthalt in unserem Hotel An den Bleichen \u2714\ufe0f\",\"breadcrumb\":{\"@id\":\"https:\/\/hotelandenbleichen.de\/aktionen#breadcrumb\"},\"inLanguage\":\"en-US\",\"potentialAction\":[{\"@type\":\"ReadAction\",\"target\":[\"https:\/\/hotelandenbleichen.de\/aktionen\"]}]},{\"@type\":\"BreadcrumbList\",\"@id\":\"https:\/\/hotelandenbleichen.de\/aktionen#breadcrumb\",\"itemListElement\":[{\"@type\":\"ListItem\",\"position\":1,\"name\":\"Startseite\",\"item\":\"https:\/\/hotelandenbleichen.de\/\"},{\"@type\":\"ListItem\",\"position\":2,\"name\":\"Angebote\"}]},{\"@type\":\"WebSite\",\"@id\":\"https:\/\/hotelandenbleichen.de\/#website\",\"url\":\"https:\/\/hotelandenbleichen.de\/\",\"name\":\"Hotel an den Bleichen\",\"description\":\"Vor den Toren der Insel R\u00fcgen.\",\"potentialAction\":[{\"@type\":\"SearchAction\",\"target\":{\"@type\":\"EntryPoint\",\"urlTemplate\":\"https:\/\/hotelandenbleichen.de\/?s={search_term_string}\"},\"query-input\":{\"@type\":\"PropertyValueSpecification\",\"valueRequired\":true,\"valueName\":\"search_term_string\"}}],\"inLanguage\":\"en-US\"}]}<\/script>\n<!-- \/ Yoast SEO plugin. -->","yoast_head_json":{"title":"Hotel Angebote - Hotel an den Bleichen","description":"Hier finden Sie unsere aktuellen Angebote und Aktionen\u2714\ufe0f Genie\u00dfen Sie Ihren Aufenthalt in unserem Hotel An den Bleichen \u2714\ufe0f","robots":{"index":"index","follow":"follow","max-snippet":"max-snippet:-1","max-image-preview":"max-image-preview:large","max-video-preview":"max-video-preview:-1"},"canonical":"https:\/\/hotelandenbleichen.de\/en\/aktionen\/","og_locale":"en_US","og_type":"article","og_title":"Hotel Angebote - Hotel an den Bleichen","og_description":"Hier finden Sie unsere aktuellen Angebote und Aktionen\u2714\ufe0f Genie\u00dfen Sie Ihren Aufenthalt in unserem Hotel An den Bleichen \u2714\ufe0f","og_url":"https:\/\/hotelandenbleichen.de\/en\/aktionen\/","og_site_name":"Hotel an den Bleichen","article_modified_time":"2021-09-22T14:55:24+00:00","twitter_card":"summary_large_image","schema":{"@context":"https:\/\/schema.org","@graph":[{"@type":"WebPage","@id":"https:\/\/hotelandenbleichen.de\/aktionen","url":"https:\/\/hotelandenbleichen.de\/aktionen","name":"Hotel Angebote - Hotel an den Bleichen","isPartOf":{"@id":"https:\/\/hotelandenbleichen.de\/#website"},"datePublished":"2020-07-08T12:26:08+00:00","dateModified":"2021-09-22T14:55:24+00:00","description":"Hier finden Sie unsere aktuellen Angebote und Aktionen\u2714\ufe0f Genie\u00dfen Sie Ihren Aufenthalt in unserem Hotel An den Bleichen \u2714\ufe0f","breadcrumb":{"@id":"https:\/\/hotelandenbleichen.de\/aktionen#breadcrumb"},"inLanguage":"en-US","potentialAction":[{"@type":"ReadAction","target":["https:\/\/hotelandenbleichen.de\/aktionen"]}]},{"@type":"BreadcrumbList","@id":"https:\/\/hotelandenbleichen.de\/aktionen#breadcrumb","itemListElement":[{"@type":"ListItem","position":1,"name":"Startseite","item":"https:\/\/hotelandenbleichen.de\/"},{"@type":"ListItem","position":2,"name":"Angebote"}]},{"@type":"WebSite","@id":"https:\/\/hotelandenbleichen.de\/#website","url":"https:\/\/hotelandenbleichen.de\/","name":"Hotel an den Bleichen","description":"Vor den Toren der Insel R\u00fcgen.","potentialAction":[{"@type":"SearchAction","target":{"@type":"EntryPoint","urlTemplate":"https:\/\/hotelandenbleichen.de\/?s={search_term_string}"},"query-input":{"@type":"PropertyValueSpecification","valueRequired":true,"valueName":"search_term_string"}}],"inLanguage":"en-US"}]}},"_links":{"self":[{"href":"https:\/\/hotelandenbleichen.de\/en\/wp-json\/wp\/v2\/pages\/2215","targetHints":{"allow":["GET"]}}],"collection":[{"href":"https:\/\/hotelandenbleichen.de\/en\/wp-json\/wp\/v2\/pages"}],"about":[{"href":"https:\/\/hotelandenbleichen.de\/en\/wp-json\/wp\/v2\/types\/page"}],"author":[{"embeddable":true,"href":"https:\/\/hotelandenbleichen.de\/en\/wp-json\/wp\/v2\/users\/1"}],"replies":[{"embeddable":true,"href":"https:\/\/hotelandenbleichen.de\/en\/wp-json\/wp\/v2\/comments?post=2215"}],"version-history":[{"count":8,"href":"https:\/\/hotelandenbleichen.de\/en\/wp-json\/wp\/v2\/pages\/2215\/revisions"}],"predecessor-version":[{"id":3562,"href":"https:\/\/hotelandenbleichen.de\/en\/wp-json\/wp\/v2\/pages\/2215\/revisions\/3562"}],"wp:attachment":[{"href":"https:\/\/hotelandenbleichen.de\/en\/wp-json\/wp\/v2\/media?parent=2215"}],"curies":[{"name":"wp","href":"https:\/\/api.w.org\/{rel}","templated":true}]}}