{"id":3233,"date":"2021-05-10T15:43:39","date_gmt":"2021-05-10T13:43:39","guid":{"rendered":"https:\/\/hotel.codegewerk.de\/?page_id=3233"},"modified":"2021-09-22T16:13:48","modified_gmt":"2021-09-22T14:13:48","slug":"news","status":"publish","type":"page","link":"https:\/\/hotelandenbleichen.de\/en\/news","title":{"rendered":"News"},"content":{"rendered":"<div class=\"vc_row wpb_row vc_row-fluid\"><div class=\"wpb_column vc_column_container vc_col-sm-12\"><div class=\"vc_column-inner\"><div class=\"wpb_wrapper\">\n<div class=\"vc_grid-container-wrapper vc_clearfix\">\n\t<div class=\"vc_grid-container vc_clearfix wpb_content_element vc_basic_grid\" data-initial-loading-animation=\"fadeIn\" data-vc-grid-settings=\"{&quot;page_id&quot;:3233,&quot;style&quot;:&quot;all&quot;,&quot;action&quot;:&quot;vc_get_vc_grid_data&quot;,&quot;shortcode_id&quot;:&quot;1620727737497-73c56b45-908b-4&quot;,&quot;tag&quot;:&quot;vc_basic_grid&quot;}\" data-vc-request=\"https:\/\/hotelandenbleichen.de\/wp-admin\/admin-ajax.php\" data-vc-post-id=\"3233\" data-vc-public-nonce=\"95652bd166\">\n\t\t<style data-type=\"vc_shortcodes-custom-css\">.vc_custom_1419251874438{background-color: #f9f9f9 !important;}.vc_custom_1419251931135{background-color: rgba(0,0,0,0.3) !important;*background-color: rgb(0,0,0) !important;}<\/style><div class=\"vc_grid vc_row vc_grid-gutter-30px vc_pageable-wrapper vc_hook_hover\" data-vc-pageable-content=\"true\"><div class=\"vc_pageable-slide-wrapper vc_clearfix\" data-vc-grid-content=\"true\"><div class=\"vc_grid-item vc_clearfix vc_col-sm-3 vc_grid-item-zone-c-bottom\"><div class=\"vc_grid-item-mini vc_clearfix\"><div class=\"vc_gitem-animated-block  vc_gitem-animate vc_gitem-animate-slideBottom\"  data-vc-animation=\"slideBottom\"\"><div class=\"vc_gitem-zone vc_gitem-zone-a vc-gitem-zone-height-mode-auto vc-gitem-zone-height-mode-auto-1-1 vc_gitem-is-link\" style=\"background-image: url('https:\/\/hotelandenbleichen.de\/wp-content\/uploads\/2021\/05\/image001-1-1016x1024.png') !important;\"><a href=\"https:\/\/hotelandenbleichen.de\/en\/blog\/basta-weintruhe\" title=\"Cooperation with Basta\" class=\"vc_gitem-link vc-zone-link\"><\/a><img decoding=\"async\" src=\"https:\/\/hotelandenbleichen.de\/wp-content\/uploads\/2021\/05\/image001-1-1016x1024.png\" class=\"vc_gitem-zone-img\" alt=\"Basta Weintruhe Logo\"><div class=\"vc_gitem-zone-mini\"><\/div><\/div><div class=\"vc_gitem-zone vc_gitem-zone-b vc_custom_1419251931135 vc-gitem-zone-height-mode-auto vc_gitem-is-link\"><a href=\"https:\/\/hotelandenbleichen.de\/en\/blog\/basta-weintruhe\" title=\"Cooperation with Basta\" class=\"vc_gitem-link vc-zone-link\"><\/a><div class=\"vc_gitem-zone-mini\"><div class=\"vc_gitem_row vc_row vc_gitem-row-position-middle\"><div class=\"vc_col-sm-12 vc_gitem-col vc_gitem-col-align-\"><div class=\"vc_icon_element vc_icon_element-outer  vc_icon_element-align-center\"><div class=\"vc_icon_element-inner vc_icon_element-color-white  vc_icon_element-size-md  vc_icon_element-style- vc_icon_element-background-color-white\" ><span class=\"vc_icon_element-icon fa fa-search\" ><\/span><\/div><\/div><\/div><\/div><\/div><\/div><\/div><div class=\"vc_gitem-zone vc_gitem-zone-c vc_custom_1419251874438\"><div class=\"vc_gitem-zone-mini\"><div class=\"vc_gitem_row vc_row vc_gitem-row-position-top\"><div class=\"vc_col-sm-12 vc_gitem-col vc_gitem-col-align-\"><div class=\"vc_custom_heading vc_gitem-post-data vc_gitem-post-data-source-post_title\" ><h4 style=\"text-align: center\" >Cooperation with Basta<\/h4><\/div><div class=\"vc_custom_heading vc_gitem-post-data vc_gitem-post-data-source-post_excerpt\" ><p style=\"text-align: center\" ><p>Seit einem Jahr arbeiten wir nun erfolgreich mit Wein-Sommelier David Zibold aus der Basta Weintruhe in Magdeburg zusammen.David ber\u00e4t uns bei allem rund um Wein uns Spirituosen, damit wir unseren G\u00e4sten eine besondere Getr\u00e4nkeauswahl bieten k\u00f6nnen.<\/p>\n<\/p><\/div><div class=\"vc_btn3-container vc_btn3-center\"><a class=\"vc_general vc_btn3 vc_btn3-size-md vc_btn3-shape-rounded vc_btn3-style-flat vc_btn3-color-juicy-pink\" a href=\"https:\/\/hotelandenbleichen.de\/en\/blog\/basta-weintruhe\" title=\"Read more\">Read more<\/a><\/div><\/div><\/div><\/div><\/div><\/div><div class=\"vc_clearfix\"><\/div><\/div><\/div><\/div>\n\t<\/div>\n<\/div><\/div><\/div><\/div><\/div>","protected":false},"excerpt":{"rendered":"","protected":false},"author":5,"featured_media":0,"parent":0,"menu_order":0,"comment_status":"closed","ping_status":"closed","template":"","meta":{"footnotes":""},"class_list":["post-3233","page","type-page","status-publish","hentry"],"yoast_head":"<!-- This site is optimized with the Yoast SEO plugin v26.1.1 - https:\/\/yoast.com\/wordpress\/plugins\/seo\/ -->\n<title>News - Hotel an den Bleichen<\/title>\n<meta name=\"description\" content=\"Hier finden Sie alle News rundum unser Hotel an den Bleichen \u2714\ufe0f\" \/>\n<meta name=\"robots\" content=\"index, follow, max-snippet:-1, max-image-preview:large, max-video-preview:-1\" \/>\n<link rel=\"canonical\" href=\"https:\/\/hotelandenbleichen.de\/en\/news\/\" \/>\n<meta property=\"og:locale\" content=\"en_US\" \/>\n<meta property=\"og:type\" content=\"article\" \/>\n<meta property=\"og:title\" content=\"News - Hotel an den Bleichen\" \/>\n<meta property=\"og:description\" content=\"Hier finden Sie alle News rundum unser Hotel an den Bleichen \u2714\ufe0f\" \/>\n<meta property=\"og:url\" content=\"https:\/\/hotelandenbleichen.de\/en\/news\/\" \/>\n<meta property=\"og:site_name\" content=\"Hotel an den Bleichen\" \/>\n<meta property=\"article:modified_time\" content=\"2021-09-22T14:13:48+00:00\" \/>\n<meta name=\"twitter:card\" content=\"summary_large_image\" \/>\n<script type=\"application\/ld+json\" class=\"yoast-schema-graph\">{\"@context\":\"https:\/\/schema.org\",\"@graph\":[{\"@type\":\"WebPage\",\"@id\":\"https:\/\/hotelandenbleichen.de\/news\",\"url\":\"https:\/\/hotelandenbleichen.de\/news\",\"name\":\"News - Hotel an den Bleichen\",\"isPartOf\":{\"@id\":\"https:\/\/hotelandenbleichen.de\/#website\"},\"datePublished\":\"2021-05-10T13:43:39+00:00\",\"dateModified\":\"2021-09-22T14:13:48+00:00\",\"description\":\"Hier finden Sie alle News rundum unser Hotel an den Bleichen \u2714\ufe0f\",\"breadcrumb\":{\"@id\":\"https:\/\/hotelandenbleichen.de\/news#breadcrumb\"},\"inLanguage\":\"en-US\",\"potentialAction\":[{\"@type\":\"ReadAction\",\"target\":[\"https:\/\/hotelandenbleichen.de\/news\"]}]},{\"@type\":\"BreadcrumbList\",\"@id\":\"https:\/\/hotelandenbleichen.de\/news#breadcrumb\",\"itemListElement\":[{\"@type\":\"ListItem\",\"position\":1,\"name\":\"Startseite\",\"item\":\"https:\/\/hotelandenbleichen.de\/\"},{\"@type\":\"ListItem\",\"position\":2,\"name\":\"News\"}]},{\"@type\":\"WebSite\",\"@id\":\"https:\/\/hotelandenbleichen.de\/#website\",\"url\":\"https:\/\/hotelandenbleichen.de\/\",\"name\":\"Hotel an den Bleichen\",\"description\":\"Vor den Toren der Insel R\u00fcgen.\",\"potentialAction\":[{\"@type\":\"SearchAction\",\"target\":{\"@type\":\"EntryPoint\",\"urlTemplate\":\"https:\/\/hotelandenbleichen.de\/?s={search_term_string}\"},\"query-input\":{\"@type\":\"PropertyValueSpecification\",\"valueRequired\":true,\"valueName\":\"search_term_string\"}}],\"inLanguage\":\"en-US\"}]}<\/script>\n<!-- \/ Yoast SEO plugin. -->","yoast_head_json":{"title":"News - Hotel an den Bleichen","description":"Hier finden Sie alle News rundum unser Hotel an den Bleichen \u2714\ufe0f","robots":{"index":"index","follow":"follow","max-snippet":"max-snippet:-1","max-image-preview":"max-image-preview:large","max-video-preview":"max-video-preview:-1"},"canonical":"https:\/\/hotelandenbleichen.de\/en\/news\/","og_locale":"en_US","og_type":"article","og_title":"News - Hotel an den Bleichen","og_description":"Hier finden Sie alle News rundum unser Hotel an den Bleichen \u2714\ufe0f","og_url":"https:\/\/hotelandenbleichen.de\/en\/news\/","og_site_name":"Hotel an den Bleichen","article_modified_time":"2021-09-22T14:13:48+00:00","twitter_card":"summary_large_image","schema":{"@context":"https:\/\/schema.org","@graph":[{"@type":"WebPage","@id":"https:\/\/hotelandenbleichen.de\/news","url":"https:\/\/hotelandenbleichen.de\/news","name":"News - Hotel an den Bleichen","isPartOf":{"@id":"https:\/\/hotelandenbleichen.de\/#website"},"datePublished":"2021-05-10T13:43:39+00:00","dateModified":"2021-09-22T14:13:48+00:00","description":"Hier finden Sie alle News rundum unser Hotel an den Bleichen \u2714\ufe0f","breadcrumb":{"@id":"https:\/\/hotelandenbleichen.de\/news#breadcrumb"},"inLanguage":"en-US","potentialAction":[{"@type":"ReadAction","target":["https:\/\/hotelandenbleichen.de\/news"]}]},{"@type":"BreadcrumbList","@id":"https:\/\/hotelandenbleichen.de\/news#breadcrumb","itemListElement":[{"@type":"ListItem","position":1,"name":"Startseite","item":"https:\/\/hotelandenbleichen.de\/"},{"@type":"ListItem","position":2,"name":"News"}]},{"@type":"WebSite","@id":"https:\/\/hotelandenbleichen.de\/#website","url":"https:\/\/hotelandenbleichen.de\/","name":"Hotel an den Bleichen","description":"Vor den Toren der Insel R\u00fcgen.","potentialAction":[{"@type":"SearchAction","target":{"@type":"EntryPoint","urlTemplate":"https:\/\/hotelandenbleichen.de\/?s={search_term_string}"},"query-input":{"@type":"PropertyValueSpecification","valueRequired":true,"valueName":"search_term_string"}}],"inLanguage":"en-US"}]}},"_links":{"self":[{"href":"https:\/\/hotelandenbleichen.de\/en\/wp-json\/wp\/v2\/pages\/3233","targetHints":{"allow":["GET"]}}],"collection":[{"href":"https:\/\/hotelandenbleichen.de\/en\/wp-json\/wp\/v2\/pages"}],"about":[{"href":"https:\/\/hotelandenbleichen.de\/en\/wp-json\/wp\/v2\/types\/page"}],"author":[{"embeddable":true,"href":"https:\/\/hotelandenbleichen.de\/en\/wp-json\/wp\/v2\/users\/5"}],"replies":[{"embeddable":true,"href":"https:\/\/hotelandenbleichen.de\/en\/wp-json\/wp\/v2\/comments?post=3233"}],"version-history":[{"count":7,"href":"https:\/\/hotelandenbleichen.de\/en\/wp-json\/wp\/v2\/pages\/3233\/revisions"}],"predecessor-version":[{"id":3246,"href":"https:\/\/hotelandenbleichen.de\/en\/wp-json\/wp\/v2\/pages\/3233\/revisions\/3246"}],"wp:attachment":[{"href":"https:\/\/hotelandenbleichen.de\/en\/wp-json\/wp\/v2\/media?parent=3233"}],"curies":[{"name":"wp","href":"https:\/\/api.w.org\/{rel}","templated":true}]}}